{"id":3898,"date":"2022-06-15T12:54:58","date_gmt":"2022-06-15T11:54:58","guid":{"rendered":"https:\/\/experience-sport.com\/aventuras-oeste-portugal\/walking-tour-montejunto-mountain\/"},"modified":"2023-05-14T22:23:25","modified_gmt":"2023-05-14T21:23:25","slug":"hiking-sierra-montejunto","status":"publish","type":"product","link":"https:\/\/experience-sport.com\/en\/aventuras-oeste-portugal\/hiking-sierra-montejunto\/","title":{"rendered":"Walking Tour Montejunto Mountain"},"content":{"rendered":"<p>We challenge you to discover the charms of the Serra de Montejunto, also known as the &#8220;Balcony of Extremadura&#8221;, given the superb panoramic view of the western region from this location &#8211; from the ocean to the Tagus River. Through trails that will lead us mostly along the Western side of the mountain, among woods, bushy areas and ruins of convents and hermitages, get ready for a day full of adventure!<\/p>\n<h4>Points of Interest<\/h4>\n<ul>\n<li>Real Ice Factory<\/li>\n<li>Half Day Wood<\/li>\n<li>Montejunto Mountain&#8217;s Picnic Park and Chestnut Grove<\/li>\n<li>Our Lady of the Snows Chapel<\/li>\n<\/ul>\n<h4>Program<\/h4>\n<ul>\n<li><strong>09:00:<\/strong> Concentration of participants near the Serra de Montejunto&#8217;s environmental interpretation center<\/li>\n<li><strong>09h15:<\/strong> Beginning of the walking tour<\/li>\n<li><strong>11h00 Snack Break<\/strong><\/li>\n<li><strong>12h00:Visit to the real Ice Factory<\/strong><\/li>\n<li><strong>13h00: End of the activity<\/strong><\/li>\n<\/ul>\n<h5>Includes:<\/h5>\n<ul>\n<li>Guide<\/li>\n<li>Entrance and guided tour to the Real Ice Factory<\/li>\n<li>Personal accident and liability insurance<\/li>\n<li>License RNAAT n\u00ba 67\/2007 from Turismo de Portugal, recognized as Nature Tourism by ICNF<\/li>\n<\/ul>\n<h5>Not Included:<\/h5>\n<ul>\n<li>Photographic record<\/li>\n<li>Water and snack<\/li>\n<li>Transfer service<\/li>\n<li>Meals<\/li>\n<\/ul>\n","protected":false},"excerpt":{"rendered":"<p>We challenge you to discover the charms of the Serra de Montejunto, also known as the &#8220;Balcony of Extremadura.<\/p>\n","protected":false},"featured_media":5084,"template":"","meta":[],"product_cat":[174,177],"product_tag":[],"class_list":["post-3898","product","type-product","status-publish","has-post-thumbnail","hentry","product_cat-adventures-west-portugal","product_cat-serra-de-montejunto-en"],"has_blocks":false,"block_data":[],"yoast_head":"<!-- This site is optimized with the Yoast SEO plugin v27.4 - https:\/\/yoast.com\/product\/yoast-seo-wordpress\/ -->\n<title>Walking Tour Montejunto Mountain - Experience Sport<\/title>\n<meta name=\"robots\" content=\"index, follow, max-snippet:-1, max-image-preview:large, max-video-preview:-1\" \/>\n<link rel=\"canonical\" href=\"https:\/\/experience-sport.com\/en\/aventuras-oeste-portugal\/hiking-sierra-montejunto\/\" \/>\n<meta property=\"og:locale\" content=\"en_US\" \/>\n<meta property=\"og:type\" content=\"article\" \/>\n<meta property=\"og:title\" content=\"Walking Tour Montejunto Mountain - Experience Sport\" \/>\n<meta property=\"og:description\" content=\"We challenge you to discover the charms of the Serra de Montejunto, also known as the &quot;Balcony of Extremadura.\" \/>\n<meta property=\"og:url\" content=\"https:\/\/experience-sport.com\/en\/aventuras-oeste-portugal\/hiking-sierra-montejunto\/\" \/>\n<meta property=\"og:site_name\" content=\"Experience Sport\" \/>\n<meta property=\"article:publisher\" content=\"https:\/\/www.facebook.com\/experiencesport\/\" \/>\n<meta property=\"article:modified_time\" content=\"2023-05-14T21:23:25+00:00\" \/>\n<meta property=\"og:image\" content=\"https:\/\/experience-sport.com\/wp-content\/uploads\/2023\/04\/Passeio-Pedestre-03.jpg\" \/>\n\t<meta property=\"og:image:width\" content=\"1920\" \/>\n\t<meta property=\"og:image:height\" content=\"1080\" \/>\n\t<meta property=\"og:image:type\" content=\"image\/jpeg\" \/>\n<meta name=\"twitter:card\" content=\"summary_large_image\" \/>\n<meta name=\"twitter:label1\" content=\"Est. reading time\" \/>\n\t<meta name=\"twitter:data1\" content=\"1 minute\" \/>\n<script type=\"application\/ld+json\" class=\"yoast-schema-graph\">{\"@context\":\"https:\\\/\\\/schema.org\",\"@graph\":[{\"@type\":\"WebPage\",\"@id\":\"https:\\\/\\\/experience-sport.com\\\/en\\\/aventuras-oeste-portugal\\\/hiking-sierra-montejunto\\\/\",\"url\":\"https:\\\/\\\/experience-sport.com\\\/en\\\/aventuras-oeste-portugal\\\/hiking-sierra-montejunto\\\/\",\"name\":\"Walking Tour Montejunto Mountain - Experience Sport\",\"isPartOf\":{\"@id\":\"https:\\\/\\\/experience-sport.com\\\/#website\"},\"primaryImageOfPage\":{\"@id\":\"https:\\\/\\\/experience-sport.com\\\/en\\\/aventuras-oeste-portugal\\\/hiking-sierra-montejunto\\\/#primaryimage\"},\"image\":{\"@id\":\"https:\\\/\\\/experience-sport.com\\\/en\\\/aventuras-oeste-portugal\\\/hiking-sierra-montejunto\\\/#primaryimage\"},\"thumbnailUrl\":\"https:\\\/\\\/experience-sport.com\\\/wp-content\\\/uploads\\\/2022\\\/06\\\/Foto-062.jpg\",\"datePublished\":\"2022-06-15T11:54:58+00:00\",\"dateModified\":\"2023-05-14T21:23:25+00:00\",\"breadcrumb\":{\"@id\":\"https:\\\/\\\/experience-sport.com\\\/en\\\/aventuras-oeste-portugal\\\/hiking-sierra-montejunto\\\/#breadcrumb\"},\"inLanguage\":\"en-US\",\"potentialAction\":[{\"@type\":\"ReadAction\",\"target\":[\"https:\\\/\\\/experience-sport.com\\\/en\\\/aventuras-oeste-portugal\\\/hiking-sierra-montejunto\\\/\"]}]},{\"@type\":\"ImageObject\",\"inLanguage\":\"en-US\",\"@id\":\"https:\\\/\\\/experience-sport.com\\\/en\\\/aventuras-oeste-portugal\\\/hiking-sierra-montejunto\\\/#primaryimage\",\"url\":\"https:\\\/\\\/experience-sport.com\\\/wp-content\\\/uploads\\\/2022\\\/06\\\/Foto-062.jpg\",\"contentUrl\":\"https:\\\/\\\/experience-sport.com\\\/wp-content\\\/uploads\\\/2022\\\/06\\\/Foto-062.jpg\",\"width\":1920,\"height\":1080},{\"@type\":\"BreadcrumbList\",\"@id\":\"https:\\\/\\\/experience-sport.com\\\/en\\\/aventuras-oeste-portugal\\\/hiking-sierra-montejunto\\\/#breadcrumb\",\"itemListElement\":[{\"@type\":\"ListItem\",\"position\":1,\"name\":\"In\u00edcio\",\"item\":\"https:\\\/\\\/experience-sport.com\\\/en\\\/homepage\\\/\"},{\"@type\":\"ListItem\",\"position\":2,\"name\":\"Adventures West Portugal\",\"item\":\"https:\\\/\\\/experience-sport.com\\\/en\\\/shop\\\/\"},{\"@type\":\"ListItem\",\"position\":3,\"name\":\"Walking Tour Montejunto Mountain\"}]},{\"@type\":\"WebSite\",\"@id\":\"https:\\\/\\\/experience-sport.com\\\/#website\",\"url\":\"https:\\\/\\\/experience-sport.com\\\/\",\"name\":\"Experience Sport\",\"description\":\"Empresa premium na constru\u00e7\u00e3o e oferta de programas e experi\u00eancias de Teambuilding em Portugal.\",\"publisher\":{\"@id\":\"https:\\\/\\\/experience-sport.com\\\/#organization\"},\"potentialAction\":[{\"@type\":\"SearchAction\",\"target\":{\"@type\":\"EntryPoint\",\"urlTemplate\":\"https:\\\/\\\/experience-sport.com\\\/?s={search_term_string}\"},\"query-input\":{\"@type\":\"PropertyValueSpecification\",\"valueRequired\":true,\"valueName\":\"search_term_string\"}}],\"inLanguage\":\"en-US\"},{\"@type\":\"Organization\",\"@id\":\"https:\\\/\\\/experience-sport.com\\\/#organization\",\"name\":\"Experience Sport\",\"url\":\"https:\\\/\\\/experience-sport.com\\\/\",\"logo\":{\"@type\":\"ImageObject\",\"inLanguage\":\"en-US\",\"@id\":\"https:\\\/\\\/experience-sport.com\\\/#\\\/schema\\\/logo\\\/image\\\/\",\"url\":\"https:\\\/\\\/experience-sport.com\\\/wp-content\\\/uploads\\\/2024\\\/11\\\/Experience-Sport-Logo-principal-RGB.png\",\"contentUrl\":\"https:\\\/\\\/experience-sport.com\\\/wp-content\\\/uploads\\\/2024\\\/11\\\/Experience-Sport-Logo-principal-RGB.png\",\"width\":4000,\"height\":1492,\"caption\":\"Experience Sport\"},\"image\":{\"@id\":\"https:\\\/\\\/experience-sport.com\\\/#\\\/schema\\\/logo\\\/image\\\/\"},\"sameAs\":[\"https:\\\/\\\/www.facebook.com\\\/experiencesport\\\/\",\"https:\\\/\\\/www.instagram.com\\\/experience_sport\\\/\",\"https:\\\/\\\/www.linkedin.com\\\/company\\\/experiencesport\\\/\"]}]}<\/script>\n<!-- \/ Yoast SEO plugin. -->","yoast_head_json":{"title":"Walking Tour Montejunto Mountain - Experience Sport","robots":{"index":"index","follow":"follow","max-snippet":"max-snippet:-1","max-image-preview":"max-image-preview:large","max-video-preview":"max-video-preview:-1"},"canonical":"https:\/\/experience-sport.com\/en\/aventuras-oeste-portugal\/hiking-sierra-montejunto\/","og_locale":"en_US","og_type":"article","og_title":"Walking Tour Montejunto Mountain - Experience Sport","og_description":"We challenge you to discover the charms of the Serra de Montejunto, also known as the \"Balcony of Extremadura.","og_url":"https:\/\/experience-sport.com\/en\/aventuras-oeste-portugal\/hiking-sierra-montejunto\/","og_site_name":"Experience Sport","article_publisher":"https:\/\/www.facebook.com\/experiencesport\/","article_modified_time":"2023-05-14T21:23:25+00:00","og_image":[{"width":1920,"height":1080,"url":"https:\/\/experience-sport.com\/wp-content\/uploads\/2023\/04\/Passeio-Pedestre-03.jpg","type":"image\/jpeg"}],"twitter_card":"summary_large_image","twitter_misc":{"Est. reading time":"1 minute"},"schema":{"@context":"https:\/\/schema.org","@graph":[{"@type":"WebPage","@id":"https:\/\/experience-sport.com\/en\/aventuras-oeste-portugal\/hiking-sierra-montejunto\/","url":"https:\/\/experience-sport.com\/en\/aventuras-oeste-portugal\/hiking-sierra-montejunto\/","name":"Walking Tour Montejunto Mountain - Experience Sport","isPartOf":{"@id":"https:\/\/experience-sport.com\/#website"},"primaryImageOfPage":{"@id":"https:\/\/experience-sport.com\/en\/aventuras-oeste-portugal\/hiking-sierra-montejunto\/#primaryimage"},"image":{"@id":"https:\/\/experience-sport.com\/en\/aventuras-oeste-portugal\/hiking-sierra-montejunto\/#primaryimage"},"thumbnailUrl":"https:\/\/experience-sport.com\/wp-content\/uploads\/2022\/06\/Foto-062.jpg","datePublished":"2022-06-15T11:54:58+00:00","dateModified":"2023-05-14T21:23:25+00:00","breadcrumb":{"@id":"https:\/\/experience-sport.com\/en\/aventuras-oeste-portugal\/hiking-sierra-montejunto\/#breadcrumb"},"inLanguage":"en-US","potentialAction":[{"@type":"ReadAction","target":["https:\/\/experience-sport.com\/en\/aventuras-oeste-portugal\/hiking-sierra-montejunto\/"]}]},{"@type":"ImageObject","inLanguage":"en-US","@id":"https:\/\/experience-sport.com\/en\/aventuras-oeste-portugal\/hiking-sierra-montejunto\/#primaryimage","url":"https:\/\/experience-sport.com\/wp-content\/uploads\/2022\/06\/Foto-062.jpg","contentUrl":"https:\/\/experience-sport.com\/wp-content\/uploads\/2022\/06\/Foto-062.jpg","width":1920,"height":1080},{"@type":"BreadcrumbList","@id":"https:\/\/experience-sport.com\/en\/aventuras-oeste-portugal\/hiking-sierra-montejunto\/#breadcrumb","itemListElement":[{"@type":"ListItem","position":1,"name":"In\u00edcio","item":"https:\/\/experience-sport.com\/en\/homepage\/"},{"@type":"ListItem","position":2,"name":"Adventures West Portugal","item":"https:\/\/experience-sport.com\/en\/shop\/"},{"@type":"ListItem","position":3,"name":"Walking Tour Montejunto Mountain"}]},{"@type":"WebSite","@id":"https:\/\/experience-sport.com\/#website","url":"https:\/\/experience-sport.com\/","name":"Experience Sport","description":"Empresa premium na constru\u00e7\u00e3o e oferta de programas e experi\u00eancias de Teambuilding em Portugal.","publisher":{"@id":"https:\/\/experience-sport.com\/#organization"},"potentialAction":[{"@type":"SearchAction","target":{"@type":"EntryPoint","urlTemplate":"https:\/\/experience-sport.com\/?s={search_term_string}"},"query-input":{"@type":"PropertyValueSpecification","valueRequired":true,"valueName":"search_term_string"}}],"inLanguage":"en-US"},{"@type":"Organization","@id":"https:\/\/experience-sport.com\/#organization","name":"Experience Sport","url":"https:\/\/experience-sport.com\/","logo":{"@type":"ImageObject","inLanguage":"en-US","@id":"https:\/\/experience-sport.com\/#\/schema\/logo\/image\/","url":"https:\/\/experience-sport.com\/wp-content\/uploads\/2024\/11\/Experience-Sport-Logo-principal-RGB.png","contentUrl":"https:\/\/experience-sport.com\/wp-content\/uploads\/2024\/11\/Experience-Sport-Logo-principal-RGB.png","width":4000,"height":1492,"caption":"Experience Sport"},"image":{"@id":"https:\/\/experience-sport.com\/#\/schema\/logo\/image\/"},"sameAs":["https:\/\/www.facebook.com\/experiencesport\/","https:\/\/www.instagram.com\/experience_sport\/","https:\/\/www.linkedin.com\/company\/experiencesport\/"]}]}},"_links":{"self":[{"href":"https:\/\/experience-sport.com\/en\/wp-json\/wp\/v2\/product\/3898","targetHints":{"allow":["GET"]}}],"collection":[{"href":"https:\/\/experience-sport.com\/en\/wp-json\/wp\/v2\/product"}],"about":[{"href":"https:\/\/experience-sport.com\/en\/wp-json\/wp\/v2\/types\/product"}],"wp:featuredmedia":[{"embeddable":true,"href":"https:\/\/experience-sport.com\/en\/wp-json\/wp\/v2\/media\/5084"}],"wp:attachment":[{"href":"https:\/\/experience-sport.com\/en\/wp-json\/wp\/v2\/media?parent=3898"}],"wp:term":[{"taxonomy":"product_cat","embeddable":true,"href":"https:\/\/experience-sport.com\/en\/wp-json\/wp\/v2\/product_cat?post=3898"},{"taxonomy":"product_tag","embeddable":true,"href":"https:\/\/experience-sport.com\/en\/wp-json\/wp\/v2\/product_tag?post=3898"}],"curies":[{"name":"wp","href":"https:\/\/api.w.org\/{rel}","templated":true}]}}