{"id":3892,"date":"2023-04-15T22:42:26","date_gmt":"2023-04-15T21:42:26","guid":{"rendered":"https:\/\/experience-sport.com\/aventuras-oeste-portugal\/e-bike-tour\/"},"modified":"2023-05-14T22:26:51","modified_gmt":"2023-05-14T21:26:51","slug":"ride-and-bike-bas-timeiro","status":"publish","type":"product","link":"https:\/\/experience-sport.com\/en\/aventuras-oeste-portugal\/ride-and-bike-bas-timeiro\/","title":{"rendered":"E-Bike Tour"},"content":{"rendered":"<p>The west of Portugal has a super diverse landscape, this trail takes us to discover the west coast, its cliffs and beautiful beaches, always with a privileged view of the Atlantic Ocean!<\/p>\n<h4><strong>Points of interest<\/strong><\/h4>\n<ul>\n<li>Vimeiro Adventure Club<\/li>\n<li>Porto Novo Beach<\/li>\n<li>Santa Rita Beach<\/li>\n<li>Santa Cruz Beach<\/li>\n<li>Blue Beach<\/li>\n<\/ul>\n<h4><strong>Program<\/strong><\/h4>\n<ul>\n<li><strong>09:00:<\/strong> Participants&#8217; gathering<\/li>\n<li><strong>09h15:<\/strong> Beginning of the E-Bike ride<\/li>\n<li><strong>10h30: <\/strong>Snack Break<\/li>\n<li><strong>11h30:<\/strong> End of activity<\/li>\n<\/ul>\n<h5><strong>Includes<\/strong>:<\/h5>\n<ul>\n<li>Guide<\/li>\n<li>Orbea E-bike and Helmet<\/li>\n<li>Water and cereal bars<\/li>\n<li>Personal accident and liability insurance<\/li>\n<li>License RNAAT n\u00ba 67\/2007 from Turismo de Portugal, recognized as Nature Tourism by ICNF<\/li>\n<\/ul>\n<h5><strong>Not Included:<\/strong><\/h5>\n<ul>\n<li>Photographic record<\/li>\n<li>Water and snack<\/li>\n<li>Transfer service<\/li>\n<li>Meals<\/li>\n<\/ul>\n","protected":false},"excerpt":{"rendered":"<p>We challenge you to discover the charms of the Serra de Montejunto, also known as the &#8220;Balcony of Extremadura.<\/p>\n","protected":false},"featured_media":3734,"template":"","meta":[],"product_cat":[174,180],"product_tag":[],"class_list":["post-3892","product","type-product","status-publish","has-post-thumbnail","hentry","product_cat-adventures-west-portugal","product_cat-termas-do-vimeiro-en"],"has_blocks":false,"block_data":[],"yoast_head":"<!-- This site is optimized with the Yoast SEO plugin v27.4 - https:\/\/yoast.com\/product\/yoast-seo-wordpress\/ -->\n<title>E-Bike Tour - Experience Sport<\/title>\n<meta name=\"robots\" content=\"index, follow, max-snippet:-1, max-image-preview:large, max-video-preview:-1\" \/>\n<link rel=\"canonical\" href=\"https:\/\/experience-sport.com\/en\/aventuras-oeste-portugal\/ride-and-bike-bas-timeiro\/\" \/>\n<meta property=\"og:locale\" content=\"en_US\" \/>\n<meta property=\"og:type\" content=\"article\" \/>\n<meta property=\"og:title\" content=\"E-Bike Tour - Experience Sport\" \/>\n<meta property=\"og:description\" content=\"We challenge you to discover the charms of the Serra de Montejunto, also known as the &quot;Balcony of Extremadura.\" \/>\n<meta property=\"og:url\" content=\"https:\/\/experience-sport.com\/en\/aventuras-oeste-portugal\/ride-and-bike-bas-timeiro\/\" \/>\n<meta property=\"og:site_name\" content=\"Experience Sport\" \/>\n<meta property=\"article:publisher\" content=\"https:\/\/www.facebook.com\/experiencesport\/\" \/>\n<meta property=\"article:modified_time\" content=\"2023-05-14T21:26:51+00:00\" \/>\n<meta property=\"og:image\" content=\"https:\/\/experience-sport.com\/wp-content\/uploads\/2023\/04\/E-BIKE_Lagoa-de-Obidos.jpg\" \/>\n\t<meta property=\"og:image:width\" content=\"1920\" \/>\n\t<meta property=\"og:image:height\" content=\"1080\" \/>\n\t<meta property=\"og:image:type\" content=\"image\/jpeg\" \/>\n<meta name=\"twitter:card\" content=\"summary_large_image\" \/>\n<meta name=\"twitter:label1\" content=\"Est. reading time\" \/>\n\t<meta name=\"twitter:data1\" content=\"1 minute\" \/>\n<script type=\"application\/ld+json\" class=\"yoast-schema-graph\">{\"@context\":\"https:\\\/\\\/schema.org\",\"@graph\":[{\"@type\":\"WebPage\",\"@id\":\"https:\\\/\\\/experience-sport.com\\\/en\\\/aventuras-oeste-portugal\\\/ride-and-bike-bas-timeiro\\\/\",\"url\":\"https:\\\/\\\/experience-sport.com\\\/en\\\/aventuras-oeste-portugal\\\/ride-and-bike-bas-timeiro\\\/\",\"name\":\"E-Bike Tour - Experience Sport\",\"isPartOf\":{\"@id\":\"https:\\\/\\\/experience-sport.com\\\/#website\"},\"primaryImageOfPage\":{\"@id\":\"https:\\\/\\\/experience-sport.com\\\/en\\\/aventuras-oeste-portugal\\\/ride-and-bike-bas-timeiro\\\/#primaryimage\"},\"image\":{\"@id\":\"https:\\\/\\\/experience-sport.com\\\/en\\\/aventuras-oeste-portugal\\\/ride-and-bike-bas-timeiro\\\/#primaryimage\"},\"thumbnailUrl\":\"https:\\\/\\\/experience-sport.com\\\/wp-content\\\/uploads\\\/2023\\\/04\\\/E-BIKE_Lagoa-de-Obidos.jpg\",\"datePublished\":\"2023-04-15T21:42:26+00:00\",\"dateModified\":\"2023-05-14T21:26:51+00:00\",\"breadcrumb\":{\"@id\":\"https:\\\/\\\/experience-sport.com\\\/en\\\/aventuras-oeste-portugal\\\/ride-and-bike-bas-timeiro\\\/#breadcrumb\"},\"inLanguage\":\"en-US\",\"potentialAction\":[{\"@type\":\"ReadAction\",\"target\":[\"https:\\\/\\\/experience-sport.com\\\/en\\\/aventuras-oeste-portugal\\\/ride-and-bike-bas-timeiro\\\/\"]}]},{\"@type\":\"ImageObject\",\"inLanguage\":\"en-US\",\"@id\":\"https:\\\/\\\/experience-sport.com\\\/en\\\/aventuras-oeste-portugal\\\/ride-and-bike-bas-timeiro\\\/#primaryimage\",\"url\":\"https:\\\/\\\/experience-sport.com\\\/wp-content\\\/uploads\\\/2023\\\/04\\\/E-BIKE_Lagoa-de-Obidos.jpg\",\"contentUrl\":\"https:\\\/\\\/experience-sport.com\\\/wp-content\\\/uploads\\\/2023\\\/04\\\/E-BIKE_Lagoa-de-Obidos.jpg\",\"width\":1920,\"height\":1080},{\"@type\":\"BreadcrumbList\",\"@id\":\"https:\\\/\\\/experience-sport.com\\\/en\\\/aventuras-oeste-portugal\\\/ride-and-bike-bas-timeiro\\\/#breadcrumb\",\"itemListElement\":[{\"@type\":\"ListItem\",\"position\":1,\"name\":\"In\u00edcio\",\"item\":\"https:\\\/\\\/experience-sport.com\\\/en\\\/homepage\\\/\"},{\"@type\":\"ListItem\",\"position\":2,\"name\":\"Adventures West Portugal\",\"item\":\"https:\\\/\\\/experience-sport.com\\\/en\\\/shop\\\/\"},{\"@type\":\"ListItem\",\"position\":3,\"name\":\"E-Bike Tour\"}]},{\"@type\":\"WebSite\",\"@id\":\"https:\\\/\\\/experience-sport.com\\\/#website\",\"url\":\"https:\\\/\\\/experience-sport.com\\\/\",\"name\":\"Experience Sport\",\"description\":\"Empresa premium na constru\u00e7\u00e3o e oferta de programas e experi\u00eancias de Teambuilding em Portugal.\",\"publisher\":{\"@id\":\"https:\\\/\\\/experience-sport.com\\\/#organization\"},\"potentialAction\":[{\"@type\":\"SearchAction\",\"target\":{\"@type\":\"EntryPoint\",\"urlTemplate\":\"https:\\\/\\\/experience-sport.com\\\/?s={search_term_string}\"},\"query-input\":{\"@type\":\"PropertyValueSpecification\",\"valueRequired\":true,\"valueName\":\"search_term_string\"}}],\"inLanguage\":\"en-US\"},{\"@type\":\"Organization\",\"@id\":\"https:\\\/\\\/experience-sport.com\\\/#organization\",\"name\":\"Experience Sport\",\"url\":\"https:\\\/\\\/experience-sport.com\\\/\",\"logo\":{\"@type\":\"ImageObject\",\"inLanguage\":\"en-US\",\"@id\":\"https:\\\/\\\/experience-sport.com\\\/#\\\/schema\\\/logo\\\/image\\\/\",\"url\":\"https:\\\/\\\/experience-sport.com\\\/wp-content\\\/uploads\\\/2024\\\/11\\\/Experience-Sport-Logo-principal-RGB.png\",\"contentUrl\":\"https:\\\/\\\/experience-sport.com\\\/wp-content\\\/uploads\\\/2024\\\/11\\\/Experience-Sport-Logo-principal-RGB.png\",\"width\":4000,\"height\":1492,\"caption\":\"Experience Sport\"},\"image\":{\"@id\":\"https:\\\/\\\/experience-sport.com\\\/#\\\/schema\\\/logo\\\/image\\\/\"},\"sameAs\":[\"https:\\\/\\\/www.facebook.com\\\/experiencesport\\\/\",\"https:\\\/\\\/www.instagram.com\\\/experience_sport\\\/\",\"https:\\\/\\\/www.linkedin.com\\\/company\\\/experiencesport\\\/\"]}]}<\/script>\n<!-- \/ Yoast SEO plugin. -->","yoast_head_json":{"title":"E-Bike Tour - Experience Sport","robots":{"index":"index","follow":"follow","max-snippet":"max-snippet:-1","max-image-preview":"max-image-preview:large","max-video-preview":"max-video-preview:-1"},"canonical":"https:\/\/experience-sport.com\/en\/aventuras-oeste-portugal\/ride-and-bike-bas-timeiro\/","og_locale":"en_US","og_type":"article","og_title":"E-Bike Tour - Experience Sport","og_description":"We challenge you to discover the charms of the Serra de Montejunto, also known as the \"Balcony of Extremadura.","og_url":"https:\/\/experience-sport.com\/en\/aventuras-oeste-portugal\/ride-and-bike-bas-timeiro\/","og_site_name":"Experience Sport","article_publisher":"https:\/\/www.facebook.com\/experiencesport\/","article_modified_time":"2023-05-14T21:26:51+00:00","og_image":[{"width":1920,"height":1080,"url":"https:\/\/experience-sport.com\/wp-content\/uploads\/2023\/04\/E-BIKE_Lagoa-de-Obidos.jpg","type":"image\/jpeg"}],"twitter_card":"summary_large_image","twitter_misc":{"Est. reading time":"1 minute"},"schema":{"@context":"https:\/\/schema.org","@graph":[{"@type":"WebPage","@id":"https:\/\/experience-sport.com\/en\/aventuras-oeste-portugal\/ride-and-bike-bas-timeiro\/","url":"https:\/\/experience-sport.com\/en\/aventuras-oeste-portugal\/ride-and-bike-bas-timeiro\/","name":"E-Bike Tour - Experience Sport","isPartOf":{"@id":"https:\/\/experience-sport.com\/#website"},"primaryImageOfPage":{"@id":"https:\/\/experience-sport.com\/en\/aventuras-oeste-portugal\/ride-and-bike-bas-timeiro\/#primaryimage"},"image":{"@id":"https:\/\/experience-sport.com\/en\/aventuras-oeste-portugal\/ride-and-bike-bas-timeiro\/#primaryimage"},"thumbnailUrl":"https:\/\/experience-sport.com\/wp-content\/uploads\/2023\/04\/E-BIKE_Lagoa-de-Obidos.jpg","datePublished":"2023-04-15T21:42:26+00:00","dateModified":"2023-05-14T21:26:51+00:00","breadcrumb":{"@id":"https:\/\/experience-sport.com\/en\/aventuras-oeste-portugal\/ride-and-bike-bas-timeiro\/#breadcrumb"},"inLanguage":"en-US","potentialAction":[{"@type":"ReadAction","target":["https:\/\/experience-sport.com\/en\/aventuras-oeste-portugal\/ride-and-bike-bas-timeiro\/"]}]},{"@type":"ImageObject","inLanguage":"en-US","@id":"https:\/\/experience-sport.com\/en\/aventuras-oeste-portugal\/ride-and-bike-bas-timeiro\/#primaryimage","url":"https:\/\/experience-sport.com\/wp-content\/uploads\/2023\/04\/E-BIKE_Lagoa-de-Obidos.jpg","contentUrl":"https:\/\/experience-sport.com\/wp-content\/uploads\/2023\/04\/E-BIKE_Lagoa-de-Obidos.jpg","width":1920,"height":1080},{"@type":"BreadcrumbList","@id":"https:\/\/experience-sport.com\/en\/aventuras-oeste-portugal\/ride-and-bike-bas-timeiro\/#breadcrumb","itemListElement":[{"@type":"ListItem","position":1,"name":"In\u00edcio","item":"https:\/\/experience-sport.com\/en\/homepage\/"},{"@type":"ListItem","position":2,"name":"Adventures West Portugal","item":"https:\/\/experience-sport.com\/en\/shop\/"},{"@type":"ListItem","position":3,"name":"E-Bike Tour"}]},{"@type":"WebSite","@id":"https:\/\/experience-sport.com\/#website","url":"https:\/\/experience-sport.com\/","name":"Experience Sport","description":"Empresa premium na constru\u00e7\u00e3o e oferta de programas e experi\u00eancias de Teambuilding em Portugal.","publisher":{"@id":"https:\/\/experience-sport.com\/#organization"},"potentialAction":[{"@type":"SearchAction","target":{"@type":"EntryPoint","urlTemplate":"https:\/\/experience-sport.com\/?s={search_term_string}"},"query-input":{"@type":"PropertyValueSpecification","valueRequired":true,"valueName":"search_term_string"}}],"inLanguage":"en-US"},{"@type":"Organization","@id":"https:\/\/experience-sport.com\/#organization","name":"Experience Sport","url":"https:\/\/experience-sport.com\/","logo":{"@type":"ImageObject","inLanguage":"en-US","@id":"https:\/\/experience-sport.com\/#\/schema\/logo\/image\/","url":"https:\/\/experience-sport.com\/wp-content\/uploads\/2024\/11\/Experience-Sport-Logo-principal-RGB.png","contentUrl":"https:\/\/experience-sport.com\/wp-content\/uploads\/2024\/11\/Experience-Sport-Logo-principal-RGB.png","width":4000,"height":1492,"caption":"Experience Sport"},"image":{"@id":"https:\/\/experience-sport.com\/#\/schema\/logo\/image\/"},"sameAs":["https:\/\/www.facebook.com\/experiencesport\/","https:\/\/www.instagram.com\/experience_sport\/","https:\/\/www.linkedin.com\/company\/experiencesport\/"]}]}},"_links":{"self":[{"href":"https:\/\/experience-sport.com\/en\/wp-json\/wp\/v2\/product\/3892","targetHints":{"allow":["GET"]}}],"collection":[{"href":"https:\/\/experience-sport.com\/en\/wp-json\/wp\/v2\/product"}],"about":[{"href":"https:\/\/experience-sport.com\/en\/wp-json\/wp\/v2\/types\/product"}],"wp:featuredmedia":[{"embeddable":true,"href":"https:\/\/experience-sport.com\/en\/wp-json\/wp\/v2\/media\/3734"}],"wp:attachment":[{"href":"https:\/\/experience-sport.com\/en\/wp-json\/wp\/v2\/media?parent=3892"}],"wp:term":[{"taxonomy":"product_cat","embeddable":true,"href":"https:\/\/experience-sport.com\/en\/wp-json\/wp\/v2\/product_cat?post=3892"},{"taxonomy":"product_tag","embeddable":true,"href":"https:\/\/experience-sport.com\/en\/wp-json\/wp\/v2\/product_tag?post=3892"}],"curies":[{"name":"wp","href":"https:\/\/api.w.org\/{rel}","templated":true}]}}