{"id":3886,"date":"2023-04-17T14:26:24","date_gmt":"2023-04-17T13:26:24","guid":{"rendered":"https:\/\/experience-sport.com\/aventuras-oeste-portugal\/pedestrian-walk\/"},"modified":"2024-11-01T20:19:52","modified_gmt":"2024-11-01T20:19:52","slug":"walking-tour","status":"publish","type":"product","link":"https:\/\/experience-sport.com\/en\/aventuras-oeste-portugal\/walking-tour\/","title":{"rendered":"Pedestrian Walk"},"content":{"rendered":"<p>It is a circular footpath, in the middle of a protected area, which allows you to see the landscape and get to know its natural, cultural, and heritage resources, including the forts of Archeira and Feiteira, built in the 19th century to defend Lisbon from French invasions. Along the way there are several windmills and a trail with a fantastic view over the entire West!<\/p>\n<h4><strong>Points of interest<\/strong><\/h4>\n<ul>\n<li>Protected Landscape of the Archeira Mountains<\/li>\n<li>Torres Lines Forts<\/li>\n<\/ul>\n<h4><strong>Program<\/strong><\/h4>\n<ul>\n<li>Starting work together<\/li>\n<li>Presentation of the Guide, Activity and safety rules<\/li>\n<li>Start of business<\/li>\n<li>Snack<\/li>\n<li>Return to the meeting point and end of the activity<\/li>\n<\/ul>\n<h5><strong>Inclui<\/strong>:<\/h5>\n<ul>\n<li>Guide<\/li>\n<li>Water, Cereal bars at the end<\/li>\n<li>Personal accident and liability insurance<\/li>\n<li>License RNAAT n\u00ba 67\/2007 from Turismo de Portugal, recognized as Nature Tourism by ICNF<\/li>\n<\/ul>\n<h5><strong>Not Included:<\/strong><\/h5>\n<ul>\n<li>Photographic record<\/li>\n<li>Water and snack<\/li>\n<li>Transfer service<\/li>\n<li>Meals<\/li>\n<\/ul>\n","protected":false},"excerpt":{"rendered":"<p>It is a circular footpath, in the middle of a [&hellip;]<\/p>\n","protected":false},"featured_media":5035,"template":"","meta":[],"product_cat":[174,176],"product_tag":[],"class_list":["post-3886","product","type-product","status-publish","has-post-thumbnail","hentry","product_cat-adventures-west-portugal","product_cat-archeira-mountain"],"has_blocks":false,"block_data":[],"yoast_head":"<!-- This site is optimized with the Yoast SEO plugin v27.4 - https:\/\/yoast.com\/product\/yoast-seo-wordpress\/ -->\n<title>Pedestrian Walk - Experience Sport<\/title>\n<meta name=\"robots\" content=\"index, follow, max-snippet:-1, max-image-preview:large, max-video-preview:-1\" \/>\n<link rel=\"canonical\" href=\"https:\/\/experience-sport.com\/en\/aventuras-oeste-portugal\/walking-tour\/\" \/>\n<meta property=\"og:locale\" content=\"en_US\" \/>\n<meta property=\"og:type\" content=\"article\" \/>\n<meta property=\"og:title\" content=\"Pedestrian Walk - Experience Sport\" \/>\n<meta property=\"og:description\" content=\"It is a circular footpath, in the middle of a [&hellip;]\" \/>\n<meta property=\"og:url\" content=\"https:\/\/experience-sport.com\/en\/aventuras-oeste-portugal\/walking-tour\/\" \/>\n<meta property=\"og:site_name\" content=\"Experience Sport\" \/>\n<meta property=\"article:publisher\" content=\"https:\/\/www.facebook.com\/experiencesport\/\" \/>\n<meta property=\"article:modified_time\" content=\"2024-11-01T20:19:52+00:00\" \/>\n<meta property=\"og:image\" content=\"https:\/\/experience-sport.com\/wp-content\/uploads\/2023\/04\/Aventuras-Passeio-Pedestre-Serra-da-Archeira-scaled.jpg\" \/>\n\t<meta property=\"og:image:width\" content=\"2560\" \/>\n\t<meta property=\"og:image:height\" content=\"1920\" \/>\n\t<meta property=\"og:image:type\" content=\"image\/jpeg\" \/>\n<meta name=\"twitter:card\" content=\"summary_large_image\" \/>\n<meta name=\"twitter:label1\" content=\"Est. reading time\" \/>\n\t<meta name=\"twitter:data1\" content=\"1 minute\" \/>\n<script type=\"application\/ld+json\" class=\"yoast-schema-graph\">{\"@context\":\"https:\\\/\\\/schema.org\",\"@graph\":[{\"@type\":\"WebPage\",\"@id\":\"https:\\\/\\\/experience-sport.com\\\/en\\\/aventuras-oeste-portugal\\\/walking-tour\\\/\",\"url\":\"https:\\\/\\\/experience-sport.com\\\/en\\\/aventuras-oeste-portugal\\\/walking-tour\\\/\",\"name\":\"Pedestrian Walk - Experience Sport\",\"isPartOf\":{\"@id\":\"https:\\\/\\\/experience-sport.com\\\/#website\"},\"primaryImageOfPage\":{\"@id\":\"https:\\\/\\\/experience-sport.com\\\/en\\\/aventuras-oeste-portugal\\\/walking-tour\\\/#primaryimage\"},\"image\":{\"@id\":\"https:\\\/\\\/experience-sport.com\\\/en\\\/aventuras-oeste-portugal\\\/walking-tour\\\/#primaryimage\"},\"thumbnailUrl\":\"https:\\\/\\\/experience-sport.com\\\/wp-content\\\/uploads\\\/2023\\\/04\\\/Aventuras-Passeio-Pedestre-Serra-da-Archeira-scaled.jpg\",\"datePublished\":\"2023-04-17T13:26:24+00:00\",\"dateModified\":\"2024-11-01T20:19:52+00:00\",\"breadcrumb\":{\"@id\":\"https:\\\/\\\/experience-sport.com\\\/en\\\/aventuras-oeste-portugal\\\/walking-tour\\\/#breadcrumb\"},\"inLanguage\":\"en-US\",\"potentialAction\":[{\"@type\":\"ReadAction\",\"target\":[\"https:\\\/\\\/experience-sport.com\\\/en\\\/aventuras-oeste-portugal\\\/walking-tour\\\/\"]}]},{\"@type\":\"ImageObject\",\"inLanguage\":\"en-US\",\"@id\":\"https:\\\/\\\/experience-sport.com\\\/en\\\/aventuras-oeste-portugal\\\/walking-tour\\\/#primaryimage\",\"url\":\"https:\\\/\\\/experience-sport.com\\\/wp-content\\\/uploads\\\/2023\\\/04\\\/Aventuras-Passeio-Pedestre-Serra-da-Archeira-scaled.jpg\",\"contentUrl\":\"https:\\\/\\\/experience-sport.com\\\/wp-content\\\/uploads\\\/2023\\\/04\\\/Aventuras-Passeio-Pedestre-Serra-da-Archeira-scaled.jpg\",\"width\":2560,\"height\":1920,\"caption\":\"bty\"},{\"@type\":\"BreadcrumbList\",\"@id\":\"https:\\\/\\\/experience-sport.com\\\/en\\\/aventuras-oeste-portugal\\\/walking-tour\\\/#breadcrumb\",\"itemListElement\":[{\"@type\":\"ListItem\",\"position\":1,\"name\":\"In\u00edcio\",\"item\":\"https:\\\/\\\/experience-sport.com\\\/en\\\/homepage\\\/\"},{\"@type\":\"ListItem\",\"position\":2,\"name\":\"Adventures West Portugal\",\"item\":\"https:\\\/\\\/experience-sport.com\\\/en\\\/shop\\\/\"},{\"@type\":\"ListItem\",\"position\":3,\"name\":\"Pedestrian Walk\"}]},{\"@type\":\"WebSite\",\"@id\":\"https:\\\/\\\/experience-sport.com\\\/#website\",\"url\":\"https:\\\/\\\/experience-sport.com\\\/\",\"name\":\"Experience Sport\",\"description\":\"Empresa premium na constru\u00e7\u00e3o e oferta de programas e experi\u00eancias de Teambuilding em Portugal.\",\"publisher\":{\"@id\":\"https:\\\/\\\/experience-sport.com\\\/#organization\"},\"potentialAction\":[{\"@type\":\"SearchAction\",\"target\":{\"@type\":\"EntryPoint\",\"urlTemplate\":\"https:\\\/\\\/experience-sport.com\\\/?s={search_term_string}\"},\"query-input\":{\"@type\":\"PropertyValueSpecification\",\"valueRequired\":true,\"valueName\":\"search_term_string\"}}],\"inLanguage\":\"en-US\"},{\"@type\":\"Organization\",\"@id\":\"https:\\\/\\\/experience-sport.com\\\/#organization\",\"name\":\"Experience Sport\",\"url\":\"https:\\\/\\\/experience-sport.com\\\/\",\"logo\":{\"@type\":\"ImageObject\",\"inLanguage\":\"en-US\",\"@id\":\"https:\\\/\\\/experience-sport.com\\\/#\\\/schema\\\/logo\\\/image\\\/\",\"url\":\"https:\\\/\\\/experience-sport.com\\\/wp-content\\\/uploads\\\/2024\\\/11\\\/Experience-Sport-Logo-principal-RGB.png\",\"contentUrl\":\"https:\\\/\\\/experience-sport.com\\\/wp-content\\\/uploads\\\/2024\\\/11\\\/Experience-Sport-Logo-principal-RGB.png\",\"width\":4000,\"height\":1492,\"caption\":\"Experience Sport\"},\"image\":{\"@id\":\"https:\\\/\\\/experience-sport.com\\\/#\\\/schema\\\/logo\\\/image\\\/\"},\"sameAs\":[\"https:\\\/\\\/www.facebook.com\\\/experiencesport\\\/\",\"https:\\\/\\\/www.instagram.com\\\/experience_sport\\\/\",\"https:\\\/\\\/www.linkedin.com\\\/company\\\/experiencesport\\\/\"]}]}<\/script>\n<!-- \/ Yoast SEO plugin. -->","yoast_head_json":{"title":"Pedestrian Walk - Experience Sport","robots":{"index":"index","follow":"follow","max-snippet":"max-snippet:-1","max-image-preview":"max-image-preview:large","max-video-preview":"max-video-preview:-1"},"canonical":"https:\/\/experience-sport.com\/en\/aventuras-oeste-portugal\/walking-tour\/","og_locale":"en_US","og_type":"article","og_title":"Pedestrian Walk - Experience Sport","og_description":"It is a circular footpath, in the middle of a [&hellip;]","og_url":"https:\/\/experience-sport.com\/en\/aventuras-oeste-portugal\/walking-tour\/","og_site_name":"Experience Sport","article_publisher":"https:\/\/www.facebook.com\/experiencesport\/","article_modified_time":"2024-11-01T20:19:52+00:00","og_image":[{"width":2560,"height":1920,"url":"https:\/\/experience-sport.com\/wp-content\/uploads\/2023\/04\/Aventuras-Passeio-Pedestre-Serra-da-Archeira-scaled.jpg","type":"image\/jpeg"}],"twitter_card":"summary_large_image","twitter_misc":{"Est. reading time":"1 minute"},"schema":{"@context":"https:\/\/schema.org","@graph":[{"@type":"WebPage","@id":"https:\/\/experience-sport.com\/en\/aventuras-oeste-portugal\/walking-tour\/","url":"https:\/\/experience-sport.com\/en\/aventuras-oeste-portugal\/walking-tour\/","name":"Pedestrian Walk - Experience Sport","isPartOf":{"@id":"https:\/\/experience-sport.com\/#website"},"primaryImageOfPage":{"@id":"https:\/\/experience-sport.com\/en\/aventuras-oeste-portugal\/walking-tour\/#primaryimage"},"image":{"@id":"https:\/\/experience-sport.com\/en\/aventuras-oeste-portugal\/walking-tour\/#primaryimage"},"thumbnailUrl":"https:\/\/experience-sport.com\/wp-content\/uploads\/2023\/04\/Aventuras-Passeio-Pedestre-Serra-da-Archeira-scaled.jpg","datePublished":"2023-04-17T13:26:24+00:00","dateModified":"2024-11-01T20:19:52+00:00","breadcrumb":{"@id":"https:\/\/experience-sport.com\/en\/aventuras-oeste-portugal\/walking-tour\/#breadcrumb"},"inLanguage":"en-US","potentialAction":[{"@type":"ReadAction","target":["https:\/\/experience-sport.com\/en\/aventuras-oeste-portugal\/walking-tour\/"]}]},{"@type":"ImageObject","inLanguage":"en-US","@id":"https:\/\/experience-sport.com\/en\/aventuras-oeste-portugal\/walking-tour\/#primaryimage","url":"https:\/\/experience-sport.com\/wp-content\/uploads\/2023\/04\/Aventuras-Passeio-Pedestre-Serra-da-Archeira-scaled.jpg","contentUrl":"https:\/\/experience-sport.com\/wp-content\/uploads\/2023\/04\/Aventuras-Passeio-Pedestre-Serra-da-Archeira-scaled.jpg","width":2560,"height":1920,"caption":"bty"},{"@type":"BreadcrumbList","@id":"https:\/\/experience-sport.com\/en\/aventuras-oeste-portugal\/walking-tour\/#breadcrumb","itemListElement":[{"@type":"ListItem","position":1,"name":"In\u00edcio","item":"https:\/\/experience-sport.com\/en\/homepage\/"},{"@type":"ListItem","position":2,"name":"Adventures West Portugal","item":"https:\/\/experience-sport.com\/en\/shop\/"},{"@type":"ListItem","position":3,"name":"Pedestrian Walk"}]},{"@type":"WebSite","@id":"https:\/\/experience-sport.com\/#website","url":"https:\/\/experience-sport.com\/","name":"Experience Sport","description":"Empresa premium na constru\u00e7\u00e3o e oferta de programas e experi\u00eancias de Teambuilding em Portugal.","publisher":{"@id":"https:\/\/experience-sport.com\/#organization"},"potentialAction":[{"@type":"SearchAction","target":{"@type":"EntryPoint","urlTemplate":"https:\/\/experience-sport.com\/?s={search_term_string}"},"query-input":{"@type":"PropertyValueSpecification","valueRequired":true,"valueName":"search_term_string"}}],"inLanguage":"en-US"},{"@type":"Organization","@id":"https:\/\/experience-sport.com\/#organization","name":"Experience Sport","url":"https:\/\/experience-sport.com\/","logo":{"@type":"ImageObject","inLanguage":"en-US","@id":"https:\/\/experience-sport.com\/#\/schema\/logo\/image\/","url":"https:\/\/experience-sport.com\/wp-content\/uploads\/2024\/11\/Experience-Sport-Logo-principal-RGB.png","contentUrl":"https:\/\/experience-sport.com\/wp-content\/uploads\/2024\/11\/Experience-Sport-Logo-principal-RGB.png","width":4000,"height":1492,"caption":"Experience Sport"},"image":{"@id":"https:\/\/experience-sport.com\/#\/schema\/logo\/image\/"},"sameAs":["https:\/\/www.facebook.com\/experiencesport\/","https:\/\/www.instagram.com\/experience_sport\/","https:\/\/www.linkedin.com\/company\/experiencesport\/"]}]}},"_links":{"self":[{"href":"https:\/\/experience-sport.com\/en\/wp-json\/wp\/v2\/product\/3886","targetHints":{"allow":["GET"]}}],"collection":[{"href":"https:\/\/experience-sport.com\/en\/wp-json\/wp\/v2\/product"}],"about":[{"href":"https:\/\/experience-sport.com\/en\/wp-json\/wp\/v2\/types\/product"}],"wp:featuredmedia":[{"embeddable":true,"href":"https:\/\/experience-sport.com\/en\/wp-json\/wp\/v2\/media\/5035"}],"wp:attachment":[{"href":"https:\/\/experience-sport.com\/en\/wp-json\/wp\/v2\/media?parent=3886"}],"wp:term":[{"taxonomy":"product_cat","embeddable":true,"href":"https:\/\/experience-sport.com\/en\/wp-json\/wp\/v2\/product_cat?post=3886"},{"taxonomy":"product_tag","embeddable":true,"href":"https:\/\/experience-sport.com\/en\/wp-json\/wp\/v2\/product_tag?post=3886"}],"curies":[{"name":"wp","href":"https:\/\/api.w.org\/{rel}","templated":true}]}}