{"id":3881,"date":"2023-04-17T14:42:10","date_gmt":"2023-04-17T13:42:10","guid":{"rendered":"https:\/\/experience-sport.com\/aventuras-oeste-portugal\/surf-lesson-initiation\/"},"modified":"2023-05-14T22:09:53","modified_gmt":"2023-05-14T21:09:53","slug":"surf-starting-class","status":"publish","type":"product","link":"https:\/\/experience-sport.com\/en\/aventuras-oeste-portugal\/surf-starting-class\/","title":{"rendered":"Surf Lesson &#8211; Initiation"},"content":{"rendered":"<p>Surf initiation class, in the best wave spot in Portugal! Peniche is a Surf paradigm, guaranteeing where for all the levels of practice during all the year. An ideal experience for beginners to the sport of Surfing, either alone or with the family!<\/p>\n<h4><strong>Points of interest<\/strong><\/h4>\n<ul>\n<li>Peniche<\/li>\n<li>Surf Capital<\/li>\n<li>Baleal Beach<\/li>\n<\/ul>\n<h4><strong>Program<\/strong><\/h4>\n<ul>\n<li><strong>10:00:<\/strong> Participants&#8217; gathering<\/li>\n<li><strong>10:05:<\/strong> Beginning of the Class<\/li>\n<li><strong>12h00:<\/strong> End of the activity<\/li>\n<\/ul>\n<h5><strong>Includes<\/strong>:<\/h5>\n<ul>\n<li>Certified Teacher<\/li>\n<li>Suit, board<\/li>\n<li>Personal accident and liability insurance<\/li>\n<li>License RNAAT n\u00ba 67\/2007 from Turismo de Portugal, recognized as Nature Tourism by ICNF<\/li>\n<\/ul>\n<h5><strong>Not Included:<\/strong><\/h5>\n<ul>\n<li>Photographic record<\/li>\n<li>Water and snack<\/li>\n<li>Transfer service<\/li>\n<li>Meals<\/li>\n<\/ul>\n","protected":false},"excerpt":{"rendered":"<p>Surf initiation class, in the best wave spot in Portugal! [&hellip;]<\/p>\n","protected":false},"featured_media":3582,"template":"","meta":[],"product_cat":[174,175],"product_tag":[],"class_list":["post-3881","product","type-product","status-publish","has-post-thumbnail","hentry","product_cat-adventures-west-portugal","product_cat-peniche-en"],"has_blocks":false,"block_data":[],"yoast_head":"<!-- This site is optimized with the Yoast SEO plugin v27.4 - https:\/\/yoast.com\/product\/yoast-seo-wordpress\/ -->\n<title>Surf Lesson - Initiation - Experience Sport<\/title>\n<meta name=\"robots\" content=\"index, follow, max-snippet:-1, max-image-preview:large, max-video-preview:-1\" \/>\n<link rel=\"canonical\" href=\"https:\/\/experience-sport.com\/en\/aventuras-oeste-portugal\/surf-starting-class\/\" \/>\n<meta property=\"og:locale\" content=\"en_US\" \/>\n<meta property=\"og:type\" content=\"article\" \/>\n<meta property=\"og:title\" content=\"Surf Lesson - Initiation - Experience Sport\" \/>\n<meta property=\"og:description\" content=\"Surf initiation class, in the best wave spot in Portugal! [&hellip;]\" \/>\n<meta property=\"og:url\" content=\"https:\/\/experience-sport.com\/en\/aventuras-oeste-portugal\/surf-starting-class\/\" \/>\n<meta property=\"og:site_name\" content=\"Experience Sport\" \/>\n<meta property=\"article:publisher\" content=\"https:\/\/www.facebook.com\/experiencesport\/\" \/>\n<meta property=\"article:modified_time\" content=\"2023-05-14T21:09:53+00:00\" \/>\n<meta property=\"og:image\" content=\"https:\/\/experience-sport.com\/wp-content\/uploads\/2023\/04\/SURF_04.jpg\" \/>\n\t<meta property=\"og:image:width\" content=\"1920\" \/>\n\t<meta property=\"og:image:height\" content=\"1080\" \/>\n\t<meta property=\"og:image:type\" content=\"image\/jpeg\" \/>\n<meta name=\"twitter:card\" content=\"summary_large_image\" \/>\n<script type=\"application\/ld+json\" class=\"yoast-schema-graph\">{\"@context\":\"https:\\\/\\\/schema.org\",\"@graph\":[{\"@type\":\"WebPage\",\"@id\":\"https:\\\/\\\/experience-sport.com\\\/en\\\/aventuras-oeste-portugal\\\/surf-starting-class\\\/\",\"url\":\"https:\\\/\\\/experience-sport.com\\\/en\\\/aventuras-oeste-portugal\\\/surf-starting-class\\\/\",\"name\":\"Surf Lesson - Initiation - Experience Sport\",\"isPartOf\":{\"@id\":\"https:\\\/\\\/experience-sport.com\\\/#website\"},\"primaryImageOfPage\":{\"@id\":\"https:\\\/\\\/experience-sport.com\\\/en\\\/aventuras-oeste-portugal\\\/surf-starting-class\\\/#primaryimage\"},\"image\":{\"@id\":\"https:\\\/\\\/experience-sport.com\\\/en\\\/aventuras-oeste-portugal\\\/surf-starting-class\\\/#primaryimage\"},\"thumbnailUrl\":\"https:\\\/\\\/experience-sport.com\\\/wp-content\\\/uploads\\\/2023\\\/04\\\/SURF_04.jpg\",\"datePublished\":\"2023-04-17T13:42:10+00:00\",\"dateModified\":\"2023-05-14T21:09:53+00:00\",\"breadcrumb\":{\"@id\":\"https:\\\/\\\/experience-sport.com\\\/en\\\/aventuras-oeste-portugal\\\/surf-starting-class\\\/#breadcrumb\"},\"inLanguage\":\"en-US\",\"potentialAction\":[{\"@type\":\"ReadAction\",\"target\":[\"https:\\\/\\\/experience-sport.com\\\/en\\\/aventuras-oeste-portugal\\\/surf-starting-class\\\/\"]}]},{\"@type\":\"ImageObject\",\"inLanguage\":\"en-US\",\"@id\":\"https:\\\/\\\/experience-sport.com\\\/en\\\/aventuras-oeste-portugal\\\/surf-starting-class\\\/#primaryimage\",\"url\":\"https:\\\/\\\/experience-sport.com\\\/wp-content\\\/uploads\\\/2023\\\/04\\\/SURF_04.jpg\",\"contentUrl\":\"https:\\\/\\\/experience-sport.com\\\/wp-content\\\/uploads\\\/2023\\\/04\\\/SURF_04.jpg\",\"width\":1920,\"height\":1080},{\"@type\":\"BreadcrumbList\",\"@id\":\"https:\\\/\\\/experience-sport.com\\\/en\\\/aventuras-oeste-portugal\\\/surf-starting-class\\\/#breadcrumb\",\"itemListElement\":[{\"@type\":\"ListItem\",\"position\":1,\"name\":\"In\u00edcio\",\"item\":\"https:\\\/\\\/experience-sport.com\\\/en\\\/homepage\\\/\"},{\"@type\":\"ListItem\",\"position\":2,\"name\":\"Adventures West Portugal\",\"item\":\"https:\\\/\\\/experience-sport.com\\\/en\\\/shop\\\/\"},{\"@type\":\"ListItem\",\"position\":3,\"name\":\"Surf Lesson &#8211; Initiation\"}]},{\"@type\":\"WebSite\",\"@id\":\"https:\\\/\\\/experience-sport.com\\\/#website\",\"url\":\"https:\\\/\\\/experience-sport.com\\\/\",\"name\":\"Experience Sport\",\"description\":\"Empresa premium na constru\u00e7\u00e3o e oferta de programas e experi\u00eancias de Teambuilding em Portugal.\",\"publisher\":{\"@id\":\"https:\\\/\\\/experience-sport.com\\\/#organization\"},\"potentialAction\":[{\"@type\":\"SearchAction\",\"target\":{\"@type\":\"EntryPoint\",\"urlTemplate\":\"https:\\\/\\\/experience-sport.com\\\/?s={search_term_string}\"},\"query-input\":{\"@type\":\"PropertyValueSpecification\",\"valueRequired\":true,\"valueName\":\"search_term_string\"}}],\"inLanguage\":\"en-US\"},{\"@type\":\"Organization\",\"@id\":\"https:\\\/\\\/experience-sport.com\\\/#organization\",\"name\":\"Experience Sport\",\"url\":\"https:\\\/\\\/experience-sport.com\\\/\",\"logo\":{\"@type\":\"ImageObject\",\"inLanguage\":\"en-US\",\"@id\":\"https:\\\/\\\/experience-sport.com\\\/#\\\/schema\\\/logo\\\/image\\\/\",\"url\":\"https:\\\/\\\/experience-sport.com\\\/wp-content\\\/uploads\\\/2024\\\/11\\\/Experience-Sport-Logo-principal-RGB.png\",\"contentUrl\":\"https:\\\/\\\/experience-sport.com\\\/wp-content\\\/uploads\\\/2024\\\/11\\\/Experience-Sport-Logo-principal-RGB.png\",\"width\":4000,\"height\":1492,\"caption\":\"Experience Sport\"},\"image\":{\"@id\":\"https:\\\/\\\/experience-sport.com\\\/#\\\/schema\\\/logo\\\/image\\\/\"},\"sameAs\":[\"https:\\\/\\\/www.facebook.com\\\/experiencesport\\\/\",\"https:\\\/\\\/www.instagram.com\\\/experience_sport\\\/\",\"https:\\\/\\\/www.linkedin.com\\\/company\\\/experiencesport\\\/\"]}]}<\/script>\n<!-- \/ Yoast SEO plugin. -->","yoast_head_json":{"title":"Surf Lesson - Initiation - Experience Sport","robots":{"index":"index","follow":"follow","max-snippet":"max-snippet:-1","max-image-preview":"max-image-preview:large","max-video-preview":"max-video-preview:-1"},"canonical":"https:\/\/experience-sport.com\/en\/aventuras-oeste-portugal\/surf-starting-class\/","og_locale":"en_US","og_type":"article","og_title":"Surf Lesson - Initiation - Experience Sport","og_description":"Surf initiation class, in the best wave spot in Portugal! [&hellip;]","og_url":"https:\/\/experience-sport.com\/en\/aventuras-oeste-portugal\/surf-starting-class\/","og_site_name":"Experience Sport","article_publisher":"https:\/\/www.facebook.com\/experiencesport\/","article_modified_time":"2023-05-14T21:09:53+00:00","og_image":[{"width":1920,"height":1080,"url":"https:\/\/experience-sport.com\/wp-content\/uploads\/2023\/04\/SURF_04.jpg","type":"image\/jpeg"}],"twitter_card":"summary_large_image","schema":{"@context":"https:\/\/schema.org","@graph":[{"@type":"WebPage","@id":"https:\/\/experience-sport.com\/en\/aventuras-oeste-portugal\/surf-starting-class\/","url":"https:\/\/experience-sport.com\/en\/aventuras-oeste-portugal\/surf-starting-class\/","name":"Surf Lesson - Initiation - Experience Sport","isPartOf":{"@id":"https:\/\/experience-sport.com\/#website"},"primaryImageOfPage":{"@id":"https:\/\/experience-sport.com\/en\/aventuras-oeste-portugal\/surf-starting-class\/#primaryimage"},"image":{"@id":"https:\/\/experience-sport.com\/en\/aventuras-oeste-portugal\/surf-starting-class\/#primaryimage"},"thumbnailUrl":"https:\/\/experience-sport.com\/wp-content\/uploads\/2023\/04\/SURF_04.jpg","datePublished":"2023-04-17T13:42:10+00:00","dateModified":"2023-05-14T21:09:53+00:00","breadcrumb":{"@id":"https:\/\/experience-sport.com\/en\/aventuras-oeste-portugal\/surf-starting-class\/#breadcrumb"},"inLanguage":"en-US","potentialAction":[{"@type":"ReadAction","target":["https:\/\/experience-sport.com\/en\/aventuras-oeste-portugal\/surf-starting-class\/"]}]},{"@type":"ImageObject","inLanguage":"en-US","@id":"https:\/\/experience-sport.com\/en\/aventuras-oeste-portugal\/surf-starting-class\/#primaryimage","url":"https:\/\/experience-sport.com\/wp-content\/uploads\/2023\/04\/SURF_04.jpg","contentUrl":"https:\/\/experience-sport.com\/wp-content\/uploads\/2023\/04\/SURF_04.jpg","width":1920,"height":1080},{"@type":"BreadcrumbList","@id":"https:\/\/experience-sport.com\/en\/aventuras-oeste-portugal\/surf-starting-class\/#breadcrumb","itemListElement":[{"@type":"ListItem","position":1,"name":"In\u00edcio","item":"https:\/\/experience-sport.com\/en\/homepage\/"},{"@type":"ListItem","position":2,"name":"Adventures West Portugal","item":"https:\/\/experience-sport.com\/en\/shop\/"},{"@type":"ListItem","position":3,"name":"Surf Lesson &#8211; Initiation"}]},{"@type":"WebSite","@id":"https:\/\/experience-sport.com\/#website","url":"https:\/\/experience-sport.com\/","name":"Experience Sport","description":"Empresa premium na constru\u00e7\u00e3o e oferta de programas e experi\u00eancias de Teambuilding em Portugal.","publisher":{"@id":"https:\/\/experience-sport.com\/#organization"},"potentialAction":[{"@type":"SearchAction","target":{"@type":"EntryPoint","urlTemplate":"https:\/\/experience-sport.com\/?s={search_term_string}"},"query-input":{"@type":"PropertyValueSpecification","valueRequired":true,"valueName":"search_term_string"}}],"inLanguage":"en-US"},{"@type":"Organization","@id":"https:\/\/experience-sport.com\/#organization","name":"Experience Sport","url":"https:\/\/experience-sport.com\/","logo":{"@type":"ImageObject","inLanguage":"en-US","@id":"https:\/\/experience-sport.com\/#\/schema\/logo\/image\/","url":"https:\/\/experience-sport.com\/wp-content\/uploads\/2024\/11\/Experience-Sport-Logo-principal-RGB.png","contentUrl":"https:\/\/experience-sport.com\/wp-content\/uploads\/2024\/11\/Experience-Sport-Logo-principal-RGB.png","width":4000,"height":1492,"caption":"Experience Sport"},"image":{"@id":"https:\/\/experience-sport.com\/#\/schema\/logo\/image\/"},"sameAs":["https:\/\/www.facebook.com\/experiencesport\/","https:\/\/www.instagram.com\/experience_sport\/","https:\/\/www.linkedin.com\/company\/experiencesport\/"]}]}},"_links":{"self":[{"href":"https:\/\/experience-sport.com\/en\/wp-json\/wp\/v2\/product\/3881","targetHints":{"allow":["GET"]}}],"collection":[{"href":"https:\/\/experience-sport.com\/en\/wp-json\/wp\/v2\/product"}],"about":[{"href":"https:\/\/experience-sport.com\/en\/wp-json\/wp\/v2\/types\/product"}],"wp:featuredmedia":[{"embeddable":true,"href":"https:\/\/experience-sport.com\/en\/wp-json\/wp\/v2\/media\/3582"}],"wp:attachment":[{"href":"https:\/\/experience-sport.com\/en\/wp-json\/wp\/v2\/media?parent=3881"}],"wp:term":[{"taxonomy":"product_cat","embeddable":true,"href":"https:\/\/experience-sport.com\/en\/wp-json\/wp\/v2\/product_cat?post=3881"},{"taxonomy":"product_tag","embeddable":true,"href":"https:\/\/experience-sport.com\/en\/wp-json\/wp\/v2\/product_tag?post=3881"}],"curies":[{"name":"wp","href":"https:\/\/api.w.org\/{rel}","templated":true}]}}