{"id":3880,"date":"2023-04-17T14:45:22","date_gmt":"2023-04-17T13:45:22","guid":{"rendered":"https:\/\/experience-sport.com\/aventuras-oeste-portugal\/canoeing-experience\/"},"modified":"2023-05-14T22:08:12","modified_gmt":"2023-05-14T21:08:12","slug":"canoeing-experience","status":"publish","type":"product","link":"https:\/\/experience-sport.com\/en\/aventuras-oeste-portugal\/canoeing-experience\/","title":{"rendered":"Canoeing Experience"},"content":{"rendered":"<p>Canoeing is a water sport practiced in rivers, the sea, and various water surfaces, from flat water to faster water. Using single or two-seater canoes, the participant is equipped with a life jacket and a paddle to help move the canoe. In tourist activities, this modality is adapted to the participant&#8217;s level of practice and is supervised by experienced guides, who do all the accompanying of the activity.<\/p>\n<p><strong><br \/>\n<em>Canoeing in \u00d3bidos Lagoon<\/em><br \/>\n<\/strong> is a fun activity and ideal for lovers of water sports. This canoeing activity is indicated for people who prefer calm walks through the largest lagoon system in Portugal, with a great wealth of fauna and flora. It has a total area of approximately 6.9 km2 and an average depth of two meters, with elevations ranging from half a meter to five meters. The participants are led by a guide, who is responsible for guiding the group during the entire journey.<\/p>\n<h4><strong>Points of interest<\/strong><\/h4>\n<ul>\n<li>Vast and rich ecosystem, its fauna is made up of fish species<\/li>\n<li>The Avifauna Community<\/li>\n<li>Flamingos \u00d3bidos Lake:<\/li>\n<li>Medieval Town of \u00d3bidos:<\/li>\n<\/ul>\n<h4><strong>Program<\/strong><\/h4>\n<ul>\n<li><strong>10h00: <\/strong>Beginning of the activity in Cov\u00e3o dos Musaranhos<\/li>\n<li><strong>10h05: <\/strong>Briefing of the activity\n<ul>\n<li>Presentation of the activity<\/li>\n<li>Safety rules and explanation of maneuvers in the canoe<\/li>\n<li>Equip<\/li>\n<\/ul>\n<\/li>\n<li><strong>10h30: <\/strong>Beginning of the tour around \u00d3bidos Lagoon<\/li>\n<li><strong>12h00: <\/strong>End of the tour at Cov\u00e3o dos Musarenhos and farewell to the participants<\/li>\n<\/ul>\n<h5><strong>Includes<\/strong>:<\/h5>\n<ul>\n<li>Guide;<\/li>\n<li>Canoe Sitontop Bi-seater; kite; buoyancy aid (Vest);<\/li>\n<li>Personal accident insurance; Civil liability insurance;<\/li>\n<li>License RNAAT n\u00ba 67\/2007 from Turismo de Portugal, recognized as Nature Tourism by ICNF, VAT at the legal rate.<\/li>\n<\/ul>\n<h5><strong>Not Included:<\/strong><\/h5>\n<ul>\n<li>Photographic record<\/li>\n<li>Water and snack<\/li>\n<li>Transfer service<\/li>\n<li>Meals<\/li>\n<\/ul>\n","protected":false},"excerpt":{"rendered":"<p>Canoeing is a water sport practiced in rivers, the sea, [&hellip;]<\/p>\n","protected":false},"featured_media":3516,"template":"","meta":[],"product_cat":[174,173,172],"product_tag":[],"class_list":["post-3880","product","type-product","status-publish","has-post-thumbnail","hentry","product_cat-adventures-west-portugal","product_cat-obidos-en","product_cat-obidos-lagoon"],"has_blocks":false,"block_data":[],"yoast_head":"<!-- This site is optimized with the Yoast SEO plugin v27.4 - https:\/\/yoast.com\/product\/yoast-seo-wordpress\/ -->\n<title>Canoeing Experience - Experience Sport<\/title>\n<meta name=\"robots\" content=\"index, follow, max-snippet:-1, max-image-preview:large, max-video-preview:-1\" \/>\n<link rel=\"canonical\" href=\"https:\/\/experience-sport.com\/en\/aventuras-oeste-portugal\/canoeing-experience\/\" \/>\n<meta property=\"og:locale\" content=\"en_US\" \/>\n<meta property=\"og:type\" content=\"article\" \/>\n<meta property=\"og:title\" content=\"Canoeing Experience - Experience Sport\" \/>\n<meta property=\"og:description\" content=\"Canoeing is a water sport practiced in rivers, the sea, [&hellip;]\" \/>\n<meta property=\"og:url\" content=\"https:\/\/experience-sport.com\/en\/aventuras-oeste-portugal\/canoeing-experience\/\" \/>\n<meta property=\"og:site_name\" content=\"Experience Sport\" \/>\n<meta property=\"article:publisher\" content=\"https:\/\/www.facebook.com\/experiencesport\/\" \/>\n<meta property=\"article:modified_time\" content=\"2023-05-14T21:08:12+00:00\" \/>\n<meta property=\"og:image\" content=\"https:\/\/experience-sport.com\/wp-content\/uploads\/2023\/04\/CANOAGEM-LAGOA-DE-OBIDOS-1.jpg\" \/>\n\t<meta property=\"og:image:width\" content=\"1920\" \/>\n\t<meta property=\"og:image:height\" content=\"1080\" \/>\n\t<meta property=\"og:image:type\" content=\"image\/jpeg\" \/>\n<meta name=\"twitter:card\" content=\"summary_large_image\" \/>\n<meta name=\"twitter:label1\" content=\"Est. reading time\" \/>\n\t<meta name=\"twitter:data1\" content=\"1 minute\" \/>\n<script type=\"application\/ld+json\" class=\"yoast-schema-graph\">{\"@context\":\"https:\\\/\\\/schema.org\",\"@graph\":[{\"@type\":\"WebPage\",\"@id\":\"https:\\\/\\\/experience-sport.com\\\/en\\\/aventuras-oeste-portugal\\\/canoeing-experience\\\/\",\"url\":\"https:\\\/\\\/experience-sport.com\\\/en\\\/aventuras-oeste-portugal\\\/canoeing-experience\\\/\",\"name\":\"Canoeing Experience - Experience Sport\",\"isPartOf\":{\"@id\":\"https:\\\/\\\/experience-sport.com\\\/#website\"},\"primaryImageOfPage\":{\"@id\":\"https:\\\/\\\/experience-sport.com\\\/en\\\/aventuras-oeste-portugal\\\/canoeing-experience\\\/#primaryimage\"},\"image\":{\"@id\":\"https:\\\/\\\/experience-sport.com\\\/en\\\/aventuras-oeste-portugal\\\/canoeing-experience\\\/#primaryimage\"},\"thumbnailUrl\":\"https:\\\/\\\/experience-sport.com\\\/wp-content\\\/uploads\\\/2023\\\/04\\\/CANOAGEM-LAGOA-DE-OBIDOS-1.jpg\",\"datePublished\":\"2023-04-17T13:45:22+00:00\",\"dateModified\":\"2023-05-14T21:08:12+00:00\",\"breadcrumb\":{\"@id\":\"https:\\\/\\\/experience-sport.com\\\/en\\\/aventuras-oeste-portugal\\\/canoeing-experience\\\/#breadcrumb\"},\"inLanguage\":\"en-US\",\"potentialAction\":[{\"@type\":\"ReadAction\",\"target\":[\"https:\\\/\\\/experience-sport.com\\\/en\\\/aventuras-oeste-portugal\\\/canoeing-experience\\\/\"]}]},{\"@type\":\"ImageObject\",\"inLanguage\":\"en-US\",\"@id\":\"https:\\\/\\\/experience-sport.com\\\/en\\\/aventuras-oeste-portugal\\\/canoeing-experience\\\/#primaryimage\",\"url\":\"https:\\\/\\\/experience-sport.com\\\/wp-content\\\/uploads\\\/2023\\\/04\\\/CANOAGEM-LAGOA-DE-OBIDOS-1.jpg\",\"contentUrl\":\"https:\\\/\\\/experience-sport.com\\\/wp-content\\\/uploads\\\/2023\\\/04\\\/CANOAGEM-LAGOA-DE-OBIDOS-1.jpg\",\"width\":1920,\"height\":1080},{\"@type\":\"BreadcrumbList\",\"@id\":\"https:\\\/\\\/experience-sport.com\\\/en\\\/aventuras-oeste-portugal\\\/canoeing-experience\\\/#breadcrumb\",\"itemListElement\":[{\"@type\":\"ListItem\",\"position\":1,\"name\":\"In\u00edcio\",\"item\":\"https:\\\/\\\/experience-sport.com\\\/en\\\/homepage\\\/\"},{\"@type\":\"ListItem\",\"position\":2,\"name\":\"Adventures West Portugal\",\"item\":\"https:\\\/\\\/experience-sport.com\\\/en\\\/shop\\\/\"},{\"@type\":\"ListItem\",\"position\":3,\"name\":\"Canoeing Experience\"}]},{\"@type\":\"WebSite\",\"@id\":\"https:\\\/\\\/experience-sport.com\\\/#website\",\"url\":\"https:\\\/\\\/experience-sport.com\\\/\",\"name\":\"Experience Sport\",\"description\":\"Empresa premium na constru\u00e7\u00e3o e oferta de programas e experi\u00eancias de Teambuilding em Portugal.\",\"publisher\":{\"@id\":\"https:\\\/\\\/experience-sport.com\\\/#organization\"},\"potentialAction\":[{\"@type\":\"SearchAction\",\"target\":{\"@type\":\"EntryPoint\",\"urlTemplate\":\"https:\\\/\\\/experience-sport.com\\\/?s={search_term_string}\"},\"query-input\":{\"@type\":\"PropertyValueSpecification\",\"valueRequired\":true,\"valueName\":\"search_term_string\"}}],\"inLanguage\":\"en-US\"},{\"@type\":\"Organization\",\"@id\":\"https:\\\/\\\/experience-sport.com\\\/#organization\",\"name\":\"Experience Sport\",\"url\":\"https:\\\/\\\/experience-sport.com\\\/\",\"logo\":{\"@type\":\"ImageObject\",\"inLanguage\":\"en-US\",\"@id\":\"https:\\\/\\\/experience-sport.com\\\/#\\\/schema\\\/logo\\\/image\\\/\",\"url\":\"https:\\\/\\\/experience-sport.com\\\/wp-content\\\/uploads\\\/2024\\\/11\\\/Experience-Sport-Logo-principal-RGB.png\",\"contentUrl\":\"https:\\\/\\\/experience-sport.com\\\/wp-content\\\/uploads\\\/2024\\\/11\\\/Experience-Sport-Logo-principal-RGB.png\",\"width\":4000,\"height\":1492,\"caption\":\"Experience Sport\"},\"image\":{\"@id\":\"https:\\\/\\\/experience-sport.com\\\/#\\\/schema\\\/logo\\\/image\\\/\"},\"sameAs\":[\"https:\\\/\\\/www.facebook.com\\\/experiencesport\\\/\",\"https:\\\/\\\/www.instagram.com\\\/experience_sport\\\/\",\"https:\\\/\\\/www.linkedin.com\\\/company\\\/experiencesport\\\/\"]}]}<\/script>\n<!-- \/ Yoast SEO plugin. -->","yoast_head_json":{"title":"Canoeing Experience - Experience Sport","robots":{"index":"index","follow":"follow","max-snippet":"max-snippet:-1","max-image-preview":"max-image-preview:large","max-video-preview":"max-video-preview:-1"},"canonical":"https:\/\/experience-sport.com\/en\/aventuras-oeste-portugal\/canoeing-experience\/","og_locale":"en_US","og_type":"article","og_title":"Canoeing Experience - Experience Sport","og_description":"Canoeing is a water sport practiced in rivers, the sea, [&hellip;]","og_url":"https:\/\/experience-sport.com\/en\/aventuras-oeste-portugal\/canoeing-experience\/","og_site_name":"Experience Sport","article_publisher":"https:\/\/www.facebook.com\/experiencesport\/","article_modified_time":"2023-05-14T21:08:12+00:00","og_image":[{"width":1920,"height":1080,"url":"https:\/\/experience-sport.com\/wp-content\/uploads\/2023\/04\/CANOAGEM-LAGOA-DE-OBIDOS-1.jpg","type":"image\/jpeg"}],"twitter_card":"summary_large_image","twitter_misc":{"Est. reading time":"1 minute"},"schema":{"@context":"https:\/\/schema.org","@graph":[{"@type":"WebPage","@id":"https:\/\/experience-sport.com\/en\/aventuras-oeste-portugal\/canoeing-experience\/","url":"https:\/\/experience-sport.com\/en\/aventuras-oeste-portugal\/canoeing-experience\/","name":"Canoeing Experience - Experience Sport","isPartOf":{"@id":"https:\/\/experience-sport.com\/#website"},"primaryImageOfPage":{"@id":"https:\/\/experience-sport.com\/en\/aventuras-oeste-portugal\/canoeing-experience\/#primaryimage"},"image":{"@id":"https:\/\/experience-sport.com\/en\/aventuras-oeste-portugal\/canoeing-experience\/#primaryimage"},"thumbnailUrl":"https:\/\/experience-sport.com\/wp-content\/uploads\/2023\/04\/CANOAGEM-LAGOA-DE-OBIDOS-1.jpg","datePublished":"2023-04-17T13:45:22+00:00","dateModified":"2023-05-14T21:08:12+00:00","breadcrumb":{"@id":"https:\/\/experience-sport.com\/en\/aventuras-oeste-portugal\/canoeing-experience\/#breadcrumb"},"inLanguage":"en-US","potentialAction":[{"@type":"ReadAction","target":["https:\/\/experience-sport.com\/en\/aventuras-oeste-portugal\/canoeing-experience\/"]}]},{"@type":"ImageObject","inLanguage":"en-US","@id":"https:\/\/experience-sport.com\/en\/aventuras-oeste-portugal\/canoeing-experience\/#primaryimage","url":"https:\/\/experience-sport.com\/wp-content\/uploads\/2023\/04\/CANOAGEM-LAGOA-DE-OBIDOS-1.jpg","contentUrl":"https:\/\/experience-sport.com\/wp-content\/uploads\/2023\/04\/CANOAGEM-LAGOA-DE-OBIDOS-1.jpg","width":1920,"height":1080},{"@type":"BreadcrumbList","@id":"https:\/\/experience-sport.com\/en\/aventuras-oeste-portugal\/canoeing-experience\/#breadcrumb","itemListElement":[{"@type":"ListItem","position":1,"name":"In\u00edcio","item":"https:\/\/experience-sport.com\/en\/homepage\/"},{"@type":"ListItem","position":2,"name":"Adventures West Portugal","item":"https:\/\/experience-sport.com\/en\/shop\/"},{"@type":"ListItem","position":3,"name":"Canoeing Experience"}]},{"@type":"WebSite","@id":"https:\/\/experience-sport.com\/#website","url":"https:\/\/experience-sport.com\/","name":"Experience Sport","description":"Empresa premium na constru\u00e7\u00e3o e oferta de programas e experi\u00eancias de Teambuilding em Portugal.","publisher":{"@id":"https:\/\/experience-sport.com\/#organization"},"potentialAction":[{"@type":"SearchAction","target":{"@type":"EntryPoint","urlTemplate":"https:\/\/experience-sport.com\/?s={search_term_string}"},"query-input":{"@type":"PropertyValueSpecification","valueRequired":true,"valueName":"search_term_string"}}],"inLanguage":"en-US"},{"@type":"Organization","@id":"https:\/\/experience-sport.com\/#organization","name":"Experience Sport","url":"https:\/\/experience-sport.com\/","logo":{"@type":"ImageObject","inLanguage":"en-US","@id":"https:\/\/experience-sport.com\/#\/schema\/logo\/image\/","url":"https:\/\/experience-sport.com\/wp-content\/uploads\/2024\/11\/Experience-Sport-Logo-principal-RGB.png","contentUrl":"https:\/\/experience-sport.com\/wp-content\/uploads\/2024\/11\/Experience-Sport-Logo-principal-RGB.png","width":4000,"height":1492,"caption":"Experience Sport"},"image":{"@id":"https:\/\/experience-sport.com\/#\/schema\/logo\/image\/"},"sameAs":["https:\/\/www.facebook.com\/experiencesport\/","https:\/\/www.instagram.com\/experience_sport\/","https:\/\/www.linkedin.com\/company\/experiencesport\/"]}]}},"_links":{"self":[{"href":"https:\/\/experience-sport.com\/en\/wp-json\/wp\/v2\/product\/3880","targetHints":{"allow":["GET"]}}],"collection":[{"href":"https:\/\/experience-sport.com\/en\/wp-json\/wp\/v2\/product"}],"about":[{"href":"https:\/\/experience-sport.com\/en\/wp-json\/wp\/v2\/types\/product"}],"wp:featuredmedia":[{"embeddable":true,"href":"https:\/\/experience-sport.com\/en\/wp-json\/wp\/v2\/media\/3516"}],"wp:attachment":[{"href":"https:\/\/experience-sport.com\/en\/wp-json\/wp\/v2\/media?parent=3880"}],"wp:term":[{"taxonomy":"product_cat","embeddable":true,"href":"https:\/\/experience-sport.com\/en\/wp-json\/wp\/v2\/product_cat?post=3880"},{"taxonomy":"product_tag","embeddable":true,"href":"https:\/\/experience-sport.com\/en\/wp-json\/wp\/v2\/product_tag?post=3880"}],"curies":[{"name":"wp","href":"https:\/\/api.w.org\/{rel}","templated":true}]}}